{"id":1741,"date":"2023-06-02T15:30:39","date_gmt":"2023-06-02T08:30:39","guid":{"rendered":"http:\/\/202.151.162.211\/?post_type=product&#038;p=1741"},"modified":"2026-03-16T14:15:40","modified_gmt":"2026-03-16T07:15:40","slug":"laptop-lenovo","status":"publish","type":"product","link":"https:\/\/procurement.wvvd.org\/index.php\/product\/laptop-lenovo\/","title":{"rendered":"Laptop Lenovo ThinkPad T14 Gen 5 (B\/h 3 n\u0103m, bao g\u1ed3m Microsoft Windows 11 Pro 64Bit Eng b\u1ea3n quy\u1ec1n OEM)"},"content":{"rendered":"<p>Laptop Lenovo ThinkPad T14 Gen 5 U7 (21ML007BVA)\u00a0l\u00e0 m\u1ed9t trong nh\u1eefng s\u1ea3n ph\u1ea9m cao c\u1ea5p c\u1ee7a d\u00f2ng ThinkPad, n\u1ed5i b\u1eadt v\u1edbi hi\u1ec7u n\u0103ng m\u1ea1nh m\u1ebd, \u0111\u1ed9 b\u1ec1n cao v\u00e0 kh\u1ea3 n\u0103ng k\u1ebft n\u1ed1i linh ho\u1ea1t. \u0110\u01b0\u1ee3c trang b\u1ecb b\u1ed9 vi x\u1eed l\u00fd Intel Core Ultra 7 155U, RAM DDR5\u00a0v\u00e0 m\u00e0n h\u00ecnh 2.2K s\u1eafc n\u00e9t, chi\u1ebfc laptop n\u00e0y l\u00e0 gi\u1ea3i ph\u00e1p ho\u00e0n h\u1ea3o cho doanh nghi\u1ec7p v\u00e0 ng\u01b0\u1eddi d\u00f9ng chuy\u00ean nghi\u1ec7p y\u00eau c\u1ea7u t\u00ednh \u1ed5n \u0111\u1ecbnh v\u00e0 \u0111\u1ed9 tin c\u1eady cao.<\/p>\n<h2>Hi\u1ec7u n\u0103ng m\u1ea1nh m\u1ebd v\u1edbi Intel Core Ultra 7 v\u00e0 RAM DDR5<\/h2>\n<p>ThinkPad T14 Gen 5 U7 \u0111\u01b0\u1ee3c trang b\u1ecb b\u1ed9 vi x\u1eed l\u00fd Intel Core Ultra 7 155U, v\u1edbi t\u1ed1c \u0111\u1ed9 P-core 1.7GHz c\u00f3 th\u1ec3 n\u00e2ng l\u00ean \u0111\u1ebfn 4.8GHz v\u00e0 E-core t\u1eeb 1.2GHz l\u00ean \u0111\u1ebfn 3.8GHz, mang l\u1ea1i hi\u1ec7u n\u0103ng m\u1ea1nh m\u1ebd v\u00e0 t\u1ed1c \u0111\u1ed9 x\u1eed l\u00fd nhanh ch\u00f3ng.<\/p>\n<p>C\u00f9ng v\u1edbi RAM DDR5 16GB 5600Mhz, laptop cho kh\u1ea3 n\u0103ng \u0111a nhi\u1ec7m xu\u1ea5t s\u1eafc, gi\u00fap x\u1eed l\u00fd m\u01b0\u1ee3t m\u00e0 c\u00e1c t\u00e1c v\u1ee5 ph\u1ee9c t\u1ea1p t\u1eeb c\u00f4ng vi\u1ec7c v\u0103n ph\u00f2ng \u0111\u1ebfn c\u00e1c \u1ee9ng d\u1ee5ng y\u00eau c\u1ea7u cao h\u01a1n nh\u01b0 \u0111\u1ed3 h\u1ecda, l\u1eadp tr\u00ecnh. Laptop c\u00f2n h\u1ed7 tr\u1ee3 n\u00e2ng c\u1ea5p RAM t\u1ed1i \u0111a l\u00ean \u0111\u1ebfn 64GB v\u1edbi hai khe c\u1eafm, gi\u00fap ng\u01b0\u1eddi d\u00f9ng linh ho\u1ea1t t\u00f9y ch\u1ec9nh theo nhu c\u1ea7u s\u1eed d\u1ee5ng.<\/p>\n<p>&nbsp;<\/p>\n<h2>\u1ed4 c\u1ee9ng SSD 512GB PCIe 4.0\u00d74 NVMe \u2013 T\u1ed1c \u0111\u1ed9 v\u01b0\u1ee3t tr\u1ed9i, kh\u00f4ng gian l\u01b0u tr\u1eef r\u1ed9ng r\u00e3i<\/h2>\n<p>V\u1edbi \u1ed5 c\u1ee9ng SSD M.2 2280 dung l\u01b0\u1ee3ng 512GB, laptop mang \u0111\u1ebfn kh\u1ea3 n\u0103ng l\u01b0u tr\u1eef d\u1eef li\u1ec7u l\u1edbn, t\u1ed1c \u0111\u1ed9 truy xu\u1ea5t d\u1eef li\u1ec7u nhanh ch\u00f3ng, v\u00e0 kh\u1edfi \u0111\u1ed9ng h\u1ec7 th\u1ed1ng g\u1ea7n nh\u01b0 ngay l\u1eadp t\u1ee9c. C\u00f4ng ngh\u1ec7 PCIe 4.0\u00d74 NVMe \u0111\u1ea3m b\u1ea3o t\u1ed1c \u0111\u1ed9 truy\u1ec1n t\u1ea3i v\u01b0\u1ee3t tr\u1ed9i, gi\u00fap b\u1ea1n m\u1edf c\u00e1c \u1ee9ng d\u1ee5ng n\u1eb7ng m\u00e0 kh\u00f4ng h\u1ec1 gi\u00e1n \u0111o\u1ea1n, \u0111\u1ed3ng th\u1eddi mang l\u1ea1i kh\u00f4ng gian r\u1ed9ng r\u00e3i cho vi\u1ec7c l\u01b0u tr\u1eef d\u1eef li\u1ec7u.<\/p>\n<h2>M\u00e0n h\u00ecnh 14 inch 2.2K s\u1eafc n\u00e9t \u2013 M\u00e0u s\u1eafc ch\u00e2n th\u1ef1c, h\u00ecnh \u1ea3nh s\u1eafc n\u00e9t<\/h2>\n<p>Laptop Lenovo ThinkPad\u00a0T14 Gen 5 \u0111\u01b0\u1ee3c trang b\u1ecb m\u00e0n h\u00ecnh 14 inch \u0111\u1ed9 ph\u00e2n gi\u1ea3i 2.2K (2240\u00d71400) v\u1edbi t\u1ea5m n\u1ec1n IPS, \u0111\u1ed9 s\u00e1ng 300 nits v\u00e0 kh\u1ea3 n\u0103ng ch\u1ed1ng ch\u00f3i Anti-glare. V\u1edbi \u0111\u1ed9 ph\u1ee7 m\u00e0u 100% sRGB, m\u00e0n h\u00ecnh mang l\u1ea1i m\u00e0u s\u1eafc s\u1ed1ng \u0111\u1ed9ng, trung th\u1ef1c, r\u1ea5t ph\u00f9 h\u1ee3p cho c\u00e1c c\u00f4ng vi\u1ec7c y\u00eau c\u1ea7u \u0111\u1ed9 ch\u00ednh x\u00e1c m\u00e0u cao nh\u01b0 thi\u1ebft k\u1ebf \u0111\u1ed3 h\u1ecda, ch\u1ec9nh s\u1eeda h\u00ecnh \u1ea3nh. T\u1ea7n s\u1ed1 qu\u00e9t 60Hz c\u0169ng gi\u00fap tr\u1ea3i nghi\u1ec7m h\u00ecnh \u1ea3nh m\u01b0\u1ee3t m\u00e0, d\u1ec5 ch\u1ecbu khi s\u1eed d\u1ee5ng trong th\u1eddi gian d\u00e0i.<\/p>\n<p>&nbsp;<\/p>\n<h2>H\u1ec7 th\u1ed1ng k\u1ebft n\u1ed1i \u0111a d\u1ea1ng v\u00e0 hi\u1ec7n \u0111\u1ea1i<\/h2>\n<p>ThinkPad T14 Gen 5 cung c\u1ea5p h\u1ec7 th\u1ed1ng k\u1ebft n\u1ed1i \u0111a d\u1ea1ng v\u1edbi c\u00e1c c\u1ed5ng USB-A (USB 3.2 Gen 1), c\u1ed5ng USB-C (Thunderbolt 4, h\u1ed7 tr\u1ee3 USB PD 3.0 v\u00e0 DisplayPort 2.1), c\u1ed5ng HDMI 2.1 h\u1ed7 tr\u1ee3 xu\u1ea5t h\u00ecnh l\u00ean \u0111\u1ebfn 4K\/60Hz, c\u1ed5ng Ethernet (RJ-45) v\u00e0 jack tai nghe\/mic 3.5mm.<\/p>\n<p>&nbsp;<\/p>\n<p>&nbsp;<\/p>\n<p>C\u00e1c c\u1ed5ng k\u1ebft n\u1ed1i n\u00e0y gi\u00fap laptop d\u1ec5 d\u00e0ng k\u1ebft n\u1ed1i v\u1edbi nhi\u1ec1u thi\u1ebft b\u1ecb ngo\u1ea1i vi kh\u00e1c nhau, \u0111\u1ed3ng th\u1eddi cung c\u1ea5p gi\u1ea3i ph\u00e1p xu\u1ea5t h\u00ecnh ch\u1ea5t l\u01b0\u1ee3ng cao, ph\u1ee5c v\u1ee5 t\u1ed1t cho c\u00f4ng vi\u1ec7c v\u0103n ph\u00f2ng hay thuy\u1ebft tr\u00ecnh.<\/p>\n<h2>B\u1ea3o m\u1eadt v\u00e0 ti\u1ec7n \u00edch cao c\u1ea5p \u2013 Finger Print, Webcam t\u00edch h\u1ee3p IR<\/h2>\n<p>Lenovo ThinkPad T14 Gen 5 trang b\u1ecb c\u1ea3m bi\u1ebfn v\u00e2n tay (Finger Print) \u0111\u1ec3 b\u1ea3o m\u1eadt, gi\u00fap b\u1ea3o v\u1ec7 d\u1eef li\u1ec7u c\u00e1 nh\u00e2n v\u00e0 doanh nghi\u1ec7p. Webcam 5.0MP t\u00edch h\u1ee3p t\u00ednh n\u0103ng nh\u1eadn di\u1ec7n IR v\u00e0 c\u00f4ng ngh\u1ec7 b\u1ea3o m\u1eadt m\u00e0n h\u00ecnh gi\u00fap b\u1ea3o v\u1ec7 quy\u1ec1n ri\u00eang t\u01b0 c\u1ee7a ng\u01b0\u1eddi d\u00f9ng, ng\u0103n ch\u1eb7n truy c\u1eadp tr\u00e1i ph\u00e9p v\u00e0 \u0111\u1ea3m b\u1ea3o an to\u00e0n th\u00f4ng tin trong m\u1ecdi t\u00ecnh hu\u1ed1ng. \u0110\u00e2y l\u00e0 nh\u1eefng t\u00ednh n\u0103ng c\u1ea7n thi\u1ebft cho ng\u01b0\u1eddi d\u00f9ng doanh nghi\u1ec7p, b\u1ea3o v\u1ec7 to\u00e0n di\u1ec7n c\u1ea3 ph\u1ea7n m\u1ec1m l\u1eabn ph\u1ea7n c\u1ee9ng.<\/p>\n<h2>\u00c2m thanh s\u1ed1ng \u0111\u1ed9ng v\u00e0 th\u1eddi l\u01b0\u1ee3ng pin b\u1ec1n b\u1ec9<\/h2>\n<p>H\u1ec7 th\u1ed1ng \u00e2m thanh c\u1ee7a ThinkPad T14 Gen 5 bao g\u1ed3m hai loa stereo c\u00f4ng su\u1ea5t 2W m\u1ed7i loa, h\u1ed7 tr\u1ee3 c\u00f4ng ngh\u1ec7 Dolby Audio, mang l\u1ea1i tr\u1ea3i nghi\u1ec7m \u00e2m thanh r\u00f5 r\u00e0ng, s\u1ed1ng \u0111\u1ed9ng, l\u00fd t\u01b0\u1edfng cho c\u00e1c cu\u1ed9c h\u1ecdp video, gi\u1ea3i tr\u00ed.<\/p>\n<p>Laptop\u00a0s\u1eed d\u1ee5ng pin 3 Cells 52.5Wh, \u0111\u1ee7 cung c\u1ea5p th\u1eddi gian ho\u1ea1t \u0111\u1ed9ng d\u00e0i, \u0111\u1ea3m b\u1ea3o cho c\u00f4ng vi\u1ec7c li\u00ean t\u1ee5c m\u00e0 kh\u00f4ng ph\u1ea3i lo l\u1eafng v\u1ec1 ngu\u1ed3n \u0111i\u1ec7n.<\/p>\n<h2>K\u1ebft lu\u1eadn<\/h2>\n<p>Lenovo ThinkPad T14 Gen 5 U7 l\u00e0 m\u1ed9t trong nh\u1eefng m\u1eabu laptop l\u00fd t\u01b0\u1edfng cho ng\u01b0\u1eddi d\u00f9ng chuy\u00ean nghi\u1ec7p v\u00e0 doanh nghi\u1ec7p v\u1edbi thi\u1ebft k\u1ebf b\u1ec1n b\u1ec9, hi\u1ec7u n\u0103ng m\u1ea1nh m\u1ebd v\u00e0 t\u00ednh n\u0103ng b\u1ea3o m\u1eadt cao c\u1ea5p. S\u1ea3n ph\u1ea9m n\u00e0y kh\u00f4ng ch\u1ec9 \u0111\u00e1p \u1ee9ng c\u00e1c nhu c\u1ea7u l\u00e0m vi\u1ec7c h\u00e0ng ng\u00e0y m\u00e0 c\u00f2n \u0111\u1ee7 s\u1ee9c x\u1eed l\u00fd c\u00e1c t\u00e1c v\u1ee5 chuy\u00ean s\u00e2u, cung c\u1ea5p t\u00ednh \u1ed5n \u0111\u1ecbnh v\u00e0 \u0111\u1ed9 tin c\u1eady cao.<\/p>\n","protected":false},"excerpt":{"rendered":"<div class=\"woocommerce-product-details__short-description\">\n<ul class=\"option-top\">\n<li class=\"op_item fa-check-square-o\">CPU: Intel Core Ultra 7 155U P-core 1.7GHz up to 4.8GHz, E-core 1.2GHz up to 3.8GHz, 12MB<\/li>\n<li class=\"op_item fa-check-square-o\">RAM: 16GB DDR5 5600Mhz (1 x 16GB), 2 khe c\u1eafm ram, h\u1ed7 tr\u1ee3 t\u1ed1i \u0111a 64GB<\/li>\n<li class=\"op_item fa-check-square-o\">\u1ed4 c\u1ee9ng: 512GB SSD M.2 2280 PCIe 4.0\u00d74 NVMe Opal 2.0<\/li>\n<li class=\"op_item fa-check-square-o\">VGA: Integrated Intel Graphics<\/li>\n<li class=\"op_item fa-check-square-o\">M\u00e0n h\u00ecnh: 14 inch 2.2K (2240\u00d71400) IPS 300nits Anti-glare, 100% sRGB, 60Hz<\/li>\n<\/ul>\n<\/div>\n<table class=\"woocommerce-product-attributes shop_attributes\" aria-label=\"Chi ti\u1ebft s\u1ea3n ph\u1ea9m\">\n<tbody>\n<tr class=\"woocommerce-product-attributes-item woocommerce-product-attributes-item--weight\">\n<th class=\"woocommerce-product-attributes-item__label\" scope=\"row\"><span class=\"wd-attr-name\"><span class=\"wd-attr-name-label\">Tr\u1ecdng l\u01b0\u1ee3ng<\/span><\/span><\/th>\n<td class=\"woocommerce-product-attributes-item__value\">3 kg<\/td>\n<\/tr>\n<tr class=\"woocommerce-product-attributes-item woocommerce-product-attributes-item--dimensions\">\n<th class=\"woocommerce-product-attributes-item__label\" scope=\"row\"><span class=\"wd-attr-name\"><span class=\"wd-attr-name-label\">K\u00edch th\u01b0\u1edbc<\/span><\/span><\/th>\n<td class=\"woocommerce-product-attributes-item__value\">50 \u00d7 10 \u00d7 30 cm<\/td>\n<\/tr>\n<\/tbody>\n<\/table>\n","protected":false},"featured_media":3087,"comment_status":"open","ping_status":"closed","template":"","meta":{"_acf_changed":false},"product_cat":[141,143],"product_tag":[],"class_list":{"0":"post-1741","1":"product","2":"type-product","3":"status-publish","6":"product_cat-it","7":"product_cat-laptop-it","9":"first","10":"instock","11":"shipping-taxable","12":"purchasable","13":"product-type-simple"},"acf":[],"_links":{"self":[{"href":"https:\/\/procurement.wvvd.org\/index.php\/wp-json\/wp\/v2\/product\/1741","targetHints":{"allow":["GET"]}}],"collection":[{"href":"https:\/\/procurement.wvvd.org\/index.php\/wp-json\/wp\/v2\/product"}],"about":[{"href":"https:\/\/procurement.wvvd.org\/index.php\/wp-json\/wp\/v2\/types\/product"}],"replies":[{"embeddable":true,"href":"https:\/\/procurement.wvvd.org\/index.php\/wp-json\/wp\/v2\/comments?post=1741"}],"wp:featuredmedia":[{"embeddable":true,"href":"https:\/\/procurement.wvvd.org\/index.php\/wp-json\/wp\/v2\/media\/3087"}],"wp:attachment":[{"href":"https:\/\/procurement.wvvd.org\/index.php\/wp-json\/wp\/v2\/media?parent=1741"}],"wp:term":[{"taxonomy":"product_cat","embeddable":true,"href":"https:\/\/procurement.wvvd.org\/index.php\/wp-json\/wp\/v2\/product_cat?post=1741"},{"taxonomy":"product_tag","embeddable":true,"href":"https:\/\/procurement.wvvd.org\/index.php\/wp-json\/wp\/v2\/product_tag?post=1741"}],"curies":[{"name":"wp","href":"https:\/\/api.w.org\/{rel}","templated":true}]}}