{"id":1772,"date":"2023-06-02T16:14:54","date_gmt":"2023-06-02T09:14:54","guid":{"rendered":"http:\/\/202.151.162.211\/?post_type=product&#038;p=1772"},"modified":"2026-03-16T14:02:32","modified_gmt":"2026-03-16T07:02:32","slug":"ban-phim","status":"publish","type":"product","link":"https:\/\/procurement.wvvd.org\/index.php\/product\/ban-phim\/","title":{"rendered":"B\u00e0n ph\u00edm c\u01a1 gaming c\u00f3 d\u00e2y EDRA EK316 Red Switch"},"content":{"rendered":"<div class=\"item\">\n<p>B\u00e0n ph\u00edm c\u01a1 EDRA EK316<br \/>\n\u2013 Giao di\u1ec7n: USB<br \/>\n\u2013 S\u1ed1 l\u01b0\u1ee3ng ph\u00edm: 104 ph\u00edm<br \/>\n\u2013 C\u00e1p b\u00e0n ph\u00edm d\u00e0i: 1.5m<br \/>\n\u2013 Top cover: Plastic<br \/>\n\u2013 Bottom cover: ABS<\/p>\n<\/div>\n<div class=\"item\">\n<p>\u2013 Switch:\u00a0EDRA (Blue \/ Red \/ Brown)<\/p>\n<\/div>\n<div class=\"item\">\n<p>\u2013 Tu\u1ed5i th\u1ecd switch: 70 tri\u1ec7u l\u1ea7n nh\u1ea5n<\/p>\n<\/div>\n<div class=\"item\">\n<p>\u2013 Key caps: Double injection key caps<br \/>\n\u2013 Led: Rainbows<br \/>\n\u2013 T\u01b0\u01a1ng th\u00edch h\u1ec7 \u0111i\u1ec1u h\u00e0nh: Windows<br \/>\n\u2013 M\u00e0u s\u1eafc: \u0110en<br \/>\n\u2013 Switch E-Dra: Red, Brown, Blue<\/p>\n<\/div>\n","protected":false},"excerpt":{"rendered":"<p>\u2013 Chu\u1ea9n k\u1ebft n\u1ed1i: D\u00e2y USB<br \/>\n\u2013 Layout Fullsize \u2013 104 ph\u00edm<br \/>\n\u2013 Switch Edra Red Switch<br \/>\n\u2013 Keycap ABS<br \/>\n\u2013 Led Rainbow<br \/>\nB\u1ea3o h\u00e0nh 24 th\u00e1ng<\/p>\n","protected":false},"featured_media":3346,"comment_status":"open","ping_status":"closed","template":"","meta":{"_acf_changed":false},"product_cat":[147,141],"product_tag":[],"class_list":{"0":"post-1772","1":"product","2":"type-product","3":"status-publish","6":"product_cat-ban-phim","7":"product_cat-it","9":"first","10":"instock","11":"shipping-taxable","12":"purchasable","13":"product-type-simple"},"acf":[],"_links":{"self":[{"href":"https:\/\/procurement.wvvd.org\/index.php\/wp-json\/wp\/v2\/product\/1772","targetHints":{"allow":["GET"]}}],"collection":[{"href":"https:\/\/procurement.wvvd.org\/index.php\/wp-json\/wp\/v2\/product"}],"about":[{"href":"https:\/\/procurement.wvvd.org\/index.php\/wp-json\/wp\/v2\/types\/product"}],"replies":[{"embeddable":true,"href":"https:\/\/procurement.wvvd.org\/index.php\/wp-json\/wp\/v2\/comments?post=1772"}],"wp:featuredmedia":[{"embeddable":true,"href":"https:\/\/procurement.wvvd.org\/index.php\/wp-json\/wp\/v2\/media\/3346"}],"wp:attachment":[{"href":"https:\/\/procurement.wvvd.org\/index.php\/wp-json\/wp\/v2\/media?parent=1772"}],"wp:term":[{"taxonomy":"product_cat","embeddable":true,"href":"https:\/\/procurement.wvvd.org\/index.php\/wp-json\/wp\/v2\/product_cat?post=1772"},{"taxonomy":"product_tag","embeddable":true,"href":"https:\/\/procurement.wvvd.org\/index.php\/wp-json\/wp\/v2\/product_tag?post=1772"}],"curies":[{"name":"wp","href":"https:\/\/api.w.org\/{rel}","templated":true}]}}