{"id":2911,"date":"2024-07-01T11:18:38","date_gmt":"2024-07-01T04:18:38","guid":{"rendered":"https:\/\/procurement.wvvd.org\/?post_type=product&#038;p=2911"},"modified":"2026-03-16T14:11:55","modified_gmt":"2026-03-16T07:11:55","slug":"gia-do-laptop","status":"publish","type":"product","link":"https:\/\/procurement.wvvd.org\/index.php\/product\/gia-do-laptop\/","title":{"rendered":"Gi\u00e1 \u0111\u1ee1 k\u00e8m t\u1ea3n nhi\u1ec7t Laptop Boneruy P89 (14-17.3 inch)"},"content":{"rendered":"<ul>\n<li>Ch\u00e2n \u0111\u1ebf m\u00e1y t\u00ednh x\u00e1ch tay \u0111\u01b0\u1ee3c l\u00e0m t\u1eeb ch\u1ea5t li\u1ec7u th\u00e9p carbon, c\u00f3 \u0111\u1ed9 \u1ed5n \u0111\u1ecbnh ch\u1eafc ch\u1eafn v\u00e0 c\u1ea3m gi\u00e1c ch\u1ea1m t\u1ed1t.<\/li>\n<li>Ch\u00e2n \u0111\u1ebf h\u1ed7 tr\u1ee3 tr\u1ecdng l\u01b0\u1ee3ng l\u00ean t\u1edbi 25 kg, c\u00f3 mi\u1ebfng silicon tr\u00ean m\u1ed7i b\u1ec1 m\u1eb7t ti\u1ebfp x\u00fac \u0111\u1ec3 t\u1ed1i \u0111a h\u00f3a v\u1ecb tr\u00ed \u1ed5n \u0111\u1ecbnh c\u1ee7a m\u00e1y t\u00ednh x\u00e1ch tay v\u00e0 b\u1ea3o v\u1ec7 thi\u1ebft b\u1ecb c\u1ee7a b\u1ea1n kh\u1ecfi m\u1ecdi v\u1ebft tr\u1ea7y x\u01b0\u1edbc v\u00e0 tr\u01b0\u1ee3t.<\/li>\n<li>Ch\u1ee9c n\u0103ng: \u0110i\u1ec1u ch\u1ec9nh \u0111\u1ed9 cao 15,5 cm, c\u00f3 th\u1ec3 g\u1eadp l\u1ea1i<\/li>\n<li>M\u00e0u x\u00e1m<\/li>\n<\/ul>\n","protected":false},"excerpt":{"rendered":"<table class=\"w-full table-auto overflow-x-hidden\">\n<tbody>\n<tr class=\"even:bg-[#f5f5f5] dark:border-gray-600 dark:odd:bg-gray-800 dark:even:bg-gray-700\">\n<td class=\"border border-gray-300 px-4 py-2 text-left dark:border-gray-600 dark:text-gray-300\">Ch\u1ea5t li\u1ec7u<\/td>\n<td class=\"border border-gray-300 px-4 py-2 text-left dark:border-gray-600 dark:text-gray-300\">\n<div class=\"wordWrap\">S\u1eaft ch\u00f3ng r\u1ec9<\/div>\n<\/td>\n<\/tr>\n<tr class=\"even:bg-[#f5f5f5] dark:border-gray-600 dark:odd:bg-gray-800 dark:even:bg-gray-700\">\n<td class=\"border border-gray-300 px-4 py-2 text-left dark:border-gray-600 dark:text-gray-300\">Giao ti\u1ebfp<\/td>\n<td class=\"border border-gray-300 px-4 py-2 text-left dark:border-gray-600 dark:text-gray-300\">\n<div class=\"wordWrap\">D\u00e2y k\u00e8m chu\u1ea9n c\u1eafm USB<\/div>\n<\/td>\n<\/tr>\n<tr class=\"even:bg-[#f5f5f5] dark:border-gray-600 dark:odd:bg-gray-800 dark:even:bg-gray-700\">\n<td class=\"border border-gray-300 px-4 py-2 text-left dark:border-gray-600 dark:text-gray-300\">Qu\u1ea1t<\/td>\n<td class=\"border border-gray-300 px-4 py-2 text-left dark:border-gray-600 dark:text-gray-300\">\n<div class=\"wordWrap\">2 Qu\u1ea1t \u0111i k\u00e8m k\u00edch th\u01b0\u1edbc 10cm<\/div>\n<\/td>\n<\/tr>\n<tr class=\"even:bg-[#f5f5f5] dark:border-gray-600 dark:odd:bg-gray-800 dark:even:bg-gray-700\">\n<td class=\"border border-gray-300 px-4 py-2 text-left dark:border-gray-600 dark:text-gray-300\">LED<\/td>\n<td class=\"border border-gray-300 px-4 py-2 text-left dark:border-gray-600 dark:text-gray-300\">\n<div class=\"wordWrap\">LED tr\u00ean 2 qu\u1ea1t r\u1ef1c r\u1ee1<\/div>\n<\/td>\n<\/tr>\n<tr class=\"even:bg-[#f5f5f5] dark:border-gray-600 dark:odd:bg-gray-800 dark:even:bg-gray-700\">\n<td class=\"border border-gray-300 px-4 py-2 text-left dark:border-gray-600 dark:text-gray-300\">M\u00e0u s\u1eafc<\/td>\n<td class=\"border border-gray-300 px-4 py-2 text-left dark:border-gray-600 dark:text-gray-300\">\n<div class=\"wordWrap\">X\u00e1m<\/div>\n<\/td>\n<\/tr>\n<tr class=\"even:bg-[#f5f5f5] dark:border-gray-600 dark:odd:bg-gray-800 dark:even:bg-gray-700\">\n<td class=\"border border-gray-300 px-4 py-2 text-left dark:border-gray-600 dark:text-gray-300\">S\u1eed d\u1ee5ng<\/td>\n<td class=\"border border-gray-300 px-4 py-2 text-left dark:border-gray-600 dark:text-gray-300\">\n<div class=\"wordWrap\">Laptop 11-15.6inh (V\u1eeba v\u1eb7n h\u01a1n v\u1edbi laptop 11 \u2013 13 inch)<\/div>\n<\/td>\n<\/tr>\n<\/tbody>\n<\/table>\n","protected":false},"featured_media":3351,"comment_status":"open","ping_status":"closed","template":"","meta":{"_acf_changed":false},"product_cat":[159,141],"product_tag":[],"class_list":{"0":"post-2911","1":"product","2":"type-product","3":"status-publish","6":"product_cat-de-tan-nhiet","7":"product_cat-it","9":"first","10":"instock","11":"shipping-taxable","12":"purchasable","13":"product-type-simple"},"acf":[],"_links":{"self":[{"href":"https:\/\/procurement.wvvd.org\/index.php\/wp-json\/wp\/v2\/product\/2911","targetHints":{"allow":["GET"]}}],"collection":[{"href":"https:\/\/procurement.wvvd.org\/index.php\/wp-json\/wp\/v2\/product"}],"about":[{"href":"https:\/\/procurement.wvvd.org\/index.php\/wp-json\/wp\/v2\/types\/product"}],"replies":[{"embeddable":true,"href":"https:\/\/procurement.wvvd.org\/index.php\/wp-json\/wp\/v2\/comments?post=2911"}],"wp:featuredmedia":[{"embeddable":true,"href":"https:\/\/procurement.wvvd.org\/index.php\/wp-json\/wp\/v2\/media\/3351"}],"wp:attachment":[{"href":"https:\/\/procurement.wvvd.org\/index.php\/wp-json\/wp\/v2\/media?parent=2911"}],"wp:term":[{"taxonomy":"product_cat","embeddable":true,"href":"https:\/\/procurement.wvvd.org\/index.php\/wp-json\/wp\/v2\/product_cat?post=2911"},{"taxonomy":"product_tag","embeddable":true,"href":"https:\/\/procurement.wvvd.org\/index.php\/wp-json\/wp\/v2\/product_tag?post=2911"}],"curies":[{"name":"wp","href":"https:\/\/api.w.org\/{rel}","templated":true}]}}