{"id":3348,"date":"2026-03-16T14:08:30","date_gmt":"2026-03-16T07:08:30","guid":{"rendered":"https:\/\/procurement.wvvd.org\/index.php\/product\/chuot-khong-day-logitech-m650\/"},"modified":"2026-03-16T14:08:30","modified_gmt":"2026-03-16T07:08:30","slug":"chuot-khong-day-logitech-m650","status":"publish","type":"product","link":"https:\/\/procurement.wvvd.org\/index.php\/product\/chuot-khong-day-logitech-m650\/","title":{"rendered":"Chu\u1ed9t kh\u00f4ng d\u00e2y Logitech M650"},"content":{"rendered":"<h3 class=\"h3 \">T\u00ednh n\u0103ng SmartWheel<\/h3>\n<p><img decoding=\"async\" class=\"loading\" src=\"https:\/\/hanoicomputercdn.com\/media\/lib\/13-06-2022\/chuot-khong-day-logitech-m650-signature-graphite-usb-bluetooth-pin-aa-den-xam-001.jpg\" alt=\"Chu\u1ed9t kh\u00f4ng d\u00e2y Logitech M650 Signature Graphite (USB\/Bluetooth\/Pin AA\/\u0110en x\u00e1m)2\" width=\"100%\" data-was-processed=\"true\" \/><\/p>\n<h3 class=\"h3 \">Thi\u1ebft k\u1ebf c\u1ea7m tho\u1ea3i m\u00e1i<\/h3>\n<p><img decoding=\"async\" class=\"loading\" src=\"https:\/\/hanoicomputercdn.com\/media\/lib\/13-06-2022\/chuot-khong-day-logitech-m650-signature-graphite-usb-bluetooth-pin-aa-den-xam-002.jpg\" alt=\"Chu\u1ed9t kh\u00f4ng d\u00e2y Logitech M650 Signature Graphite (USB\/Bluetooth\/Pin AA\/\u0110en x\u00e1m) 3\" width=\"100%\" data-was-processed=\"true\" \/><\/p>\n<h3>K\u1ebft n\u1ed1i \u0111a d\u1ea1ng, t\u01b0\u01a1ng th\u00edch nhi\u1ec1u n\u1ec1n t\u1ea3ng<\/h3>\n<p><img loading=\"lazy\" decoding=\"async\" class=\"loading\" src=\"https:\/\/hanoicomputercdn.com\/media\/lib\/13-06-2022\/chuot-khong-day-logitech-m650-signature-graphite-usb-bluetooth-pin-aa-den-xam-003.jpg\" alt=\"Chu\u1ed9t kh\u00f4ng d\u00e2y Logitech M650 Signature Graphite (USB\/Bluetooth\/Pin AA\/\u0110en x\u00e1m) 4\" width=\"1098\" height=\"870\" data-was-processed=\"true\" \/><\/p>\n<h3>C\u00e1c t\u00ednh n\u0103ng kh\u00e1c<\/h3>\n<p><img loading=\"lazy\" decoding=\"async\" class=\"loading\" src=\"https:\/\/hanoicomputercdn.com\/media\/lib\/13-01-2022\/chuot-khong-day-logitech-m650-signature-graphite-usb-bluetooth-pin-aa-den-xam-5.png\" alt=\"Chu\u1ed9t kh\u00f4ng d\u00e2y Logitech M650 Signature Graphite (USB\/Bluetooth\/Pin AA\/\u0110en x\u00e1m) 5\" width=\"1103\" height=\"137\" data-was-processed=\"true\" \/><\/p>\n<ul>\n<li><strong>Gi\u1ea3m thi\u1ec3u ti\u1ebfng \u1ed3n:<\/strong>\u00a0C\u00f4ng ngh\u1ec7 SilentTouch \u0111\u1ed9c quy\u1ec1n c\u1ee7a Logitech gi\u00fap gi\u1ea3m 90% t<a class=\"note note-tooltip js-note-tooltip\"><span class=\"visually-hidden js-tooltip-descriptor\" aria-hidden=\"true\">i\u1ebfng \u1ed3n khi nh\u1ea5n chu\u1ed9t. T<\/span><\/a>i\u1ebfng \u1ed3n khi nh\u1ea5n t\u1ea1o ra m\u00f4i tr\u01b0\u1eddng t\u1ed1t h\u01a1n, y\u00ean t\u0129nh h\u01a1n cho b\u1ea1n v\u00e0 nh\u1eefng ng\u01b0\u1eddi xung quanh<\/li>\n<li><strong>C\u00e1c n\u00fat h\u00f4ng c\u00f3 th\u1ec3 tu\u1ef3 ch\u1ec9nh:\u00a0<\/strong>D\u1ec5 d\u00e0ng t\u00f9y ch\u1ec9nh c\u00e1c n\u00fat b\u00ean v\u1edbi Logitech Options+, kh\u1ea3 d\u1ee5ng tr\u00ean Windows v\u00e0 macOS, th\u00e0nh c\u00e1c ch\u1ee9c n\u0103ng \u01b0a th\u00edch c\u1ee7a b\u1ea1n \u2013 nh\u01b0 quay l\u1ea1i\/ti\u1ebfp theo ho\u1eb7c sao ch\u00e9p\/d\u00e1n.<\/li>\n<li><strong>Th\u1eddi l\u01b0\u1ee3ng pin cao:<\/strong>\u00a0Chu\u1ed9t Signature M650 \u0111i k\u00e8m v\u1edbi m\u1ed9t qu\u1ea3 pin AA c\u00f3 th\u1eddi gian s\u1eed d\u1ee5ng l\u00ean t\u1edbi 2 n\u0103m (Tu\u1ef3 v\u00e0o \u0111i\u1ec1u ki\u1ec7n v\u00e0 m\u1ee9c \u0111\u1ed9 s\u1eed d\u1ee5ng.<\/li>\n<\/ul>\n","protected":false},"excerpt":{"rendered":"<div class=\"item\"><strong>Chu\u1ed9t kh\u00f4ng d\u00e2y Logitech M650 Signature Graphite<\/strong><\/div>\n<div class=\"item\">Chu\u1ea9n k\u1ebft n\u1ed1i:\u00a0<strong>Bluetooth<\/strong>\u00a0\/\u00a0<strong>Wireless 2.4Ghz (v\u1edbi \u0111\u1ea7u thu Logi Bolt \u0111i k\u00e8m)<\/strong><\/div>\n<div class=\"item\">T\u00ednh n\u0103ng cu\u1ed9n Smart Wheel nhanh v\u00e0 ch\u00ednh x\u00e1c<\/div>\n<div class=\"item\">Thi\u1ebft k\u1ebf \u0111\u1ed1i x\u1ee9ng v\u1edbi 2 b\u00ean h\u00f4ng c\u00f3 c\u00e1c vi\u1ec1n r\u00e3nh gi\u00fap c\u1ea7m n\u1eafm chu\u1ed9t ch\u1eafc ch\u1eafn h\u01a1n<\/div>\n<div class=\"item\">N\u00fat b\u1ea5m SilentTouch gi\u1ea3m thi\u1ec3u ti\u1ebfng \u1ed3n khi nh\u1ea5n chu\u1ed9t<\/div>\n<div class=\"item\">C\u00e1c n\u00fat ph\u1ee5 c\u00f3 th\u1ec3 tu\u1ef3 ch\u1ec9nh qua ph\u1ea7n m\u1ec1m Logitech Options+<\/div>\n<div class=\"item\">Th\u1eddi l\u01b0\u1ee3ng pin l\u00ean \u0111\u1ebfn 24 th\u00e1ng<\/div>\n<div class=\"item\">T\u01b0\u01a1ng th\u00edch v\u1edbi Windows\u00ae, macOS, Linux\u00ae, iPadOS, Android\u2122\u2014v\u00e0 \u0111\u01b0\u1ee3c ch\u1ee9ng nh\u1eadn Ho\u1ea1t \u0111\u1ed9ng v\u1edbi Chromebook<\/div>\n","protected":false},"featured_media":3349,"comment_status":"open","ping_status":"closed","template":"","meta":{"_acf_changed":false},"product_cat":[148,141],"product_tag":[],"class_list":{"0":"post-3348","1":"product","2":"type-product","3":"status-publish","6":"product_cat-chuot-may-tinh","7":"product_cat-it","9":"first","10":"instock","11":"shipping-taxable","12":"purchasable","13":"product-type-simple"},"acf":[],"_links":{"self":[{"href":"https:\/\/procurement.wvvd.org\/index.php\/wp-json\/wp\/v2\/product\/3348","targetHints":{"allow":["GET"]}}],"collection":[{"href":"https:\/\/procurement.wvvd.org\/index.php\/wp-json\/wp\/v2\/product"}],"about":[{"href":"https:\/\/procurement.wvvd.org\/index.php\/wp-json\/wp\/v2\/types\/product"}],"replies":[{"embeddable":true,"href":"https:\/\/procurement.wvvd.org\/index.php\/wp-json\/wp\/v2\/comments?post=3348"}],"wp:featuredmedia":[{"embeddable":true,"href":"https:\/\/procurement.wvvd.org\/index.php\/wp-json\/wp\/v2\/media\/3349"}],"wp:attachment":[{"href":"https:\/\/procurement.wvvd.org\/index.php\/wp-json\/wp\/v2\/media?parent=3348"}],"wp:term":[{"taxonomy":"product_cat","embeddable":true,"href":"https:\/\/procurement.wvvd.org\/index.php\/wp-json\/wp\/v2\/product_cat?post=3348"},{"taxonomy":"product_tag","embeddable":true,"href":"https:\/\/procurement.wvvd.org\/index.php\/wp-json\/wp\/v2\/product_tag?post=3348"}],"curies":[{"name":"wp","href":"https:\/\/api.w.org\/{rel}","templated":true}]}}